{"id":149,"date":"2025-05-05T07:40:17","date_gmt":"2025-05-05T07:40:17","guid":{"rendered":"https:\/\/warmachine.cerxis.de\/?page_id=149"},"modified":"2025-05-14T10:27:29","modified_gmt":"2025-05-14T10:27:29","slug":"southern-kriels","status":"publish","type":"page","link":"https:\/\/warmachine-x.de\/index.php\/spiel\/fraktionen\/southern-kriels\/","title":{"rendered":"Southern Kriels"},"content":{"rendered":"<h3 class=\"\" data-start=\"131\" data-end=\"198\"><strong data-start=\"135\" data-end=\"198\">Southern Kriels \u2013 Unersch\u00fctterliche St\u00e4rke und z\u00e4he Krieger<\/strong><\/h3>\n<p class=\"\" data-start=\"200\" data-end=\"604\">Die <strong data-start=\"204\" data-end=\"223\">Southern Kriels<\/strong> repr\u00e4sentieren die widerstandsf\u00e4higen und k\u00e4mpferischen <strong data-start=\"280\" data-end=\"295\">Trollbloods<\/strong> der Eisernen K\u00f6nigreiche. Bekannt f\u00fcr ihre <strong data-start=\"339\" data-end=\"367\">unersch\u00fctterliche St\u00e4rke<\/strong> und ihren <strong data-start=\"378\" data-end=\"399\">unbeugsamen Geist<\/strong>, marschieren diese Trollkin-Krieger zusammen mit ihren monstr\u00f6sen Verb\u00fcndeten in den Krieg, um mit einer Mischung aus <strong data-start=\"518\" data-end=\"537\">brutaler Gewalt<\/strong> und <strong data-start=\"542\" data-end=\"571\">taktischer Vielseitigkeit<\/strong> das Schlachtfeld zu beherrschen.<\/p>\n<p class=\"\" data-start=\"606\" data-end=\"831\">Die Southern Kriels kombinieren eine einzigartige Mischung aus Nahkampfst\u00e4rke und <strong data-start=\"688\" data-end=\"709\">starken Synergien<\/strong>, die es ihnen erm\u00f6glichen, verheerende Angriffe zu starten und Feinde selbst unter h\u00e4rtesten Bedingungen zu \u00fcberw\u00e4ltigen.<\/p>\n<p class=\"\" data-start=\"833\" data-end=\"1069\"><strong data-start=\"833\" data-end=\"854\">Ideal f\u00fcr Spieler<\/strong>, die auf <strong data-start=\"864\" data-end=\"897\">robuste, unaufhaltsame Armeen<\/strong> setzen und die Kunst der <strong data-start=\"923\" data-end=\"954\">Zusammenarbeit und Symbiose<\/strong> im Kampf sch\u00e4tzen \u2013 die Southern Kriels k\u00e4mpfen mit einer Kraft, die selbst den h\u00e4rtesten Widerstand brechen kann.<\/p>\n<h2><strong>Zielgruppe:<\/strong><\/h2>\n<p>Die Brineblood Marauders sind etwas f\u00fcr:<\/p>\n<ul>\n<li>Maler, die lustige, manchmal auch alberne Modelle mit viel zu vielen Details m\u00f6gen.<\/li>\n<li>Spieler, die gerne mit Synergien arbeiten um billige Modelle extrem schwer zu t\u00f6ten oder sehr t\u00f6dlich zu machen.<\/li>\n<li>Spieler die kein Problem damit haben hohe Verluste hinzunehmen und doch lange Gefechte bis zum letzten Mann zu f\u00fchren.<\/li>\n<\/ul>\n<p><img loading=\"lazy\" decoding=\"async\" class=\"alignnone size-medium wp-image-340\" src=\"https:\/\/warmachine-x.de\/wp-content\/uploads\/2025\/05\/SnapInsta.to_422288594_883083460488066_2285756129631835925_n-300x300.jpg\" alt=\"\" width=\"300\" height=\"300\" srcset=\"https:\/\/warmachine-x.de\/wp-content\/uploads\/2025\/05\/SnapInsta.to_422288594_883083460488066_2285756129631835925_n-300x300.jpg 300w, https:\/\/warmachine-x.de\/wp-content\/uploads\/2025\/05\/SnapInsta.to_422288594_883083460488066_2285756129631835925_n-1024x1024.jpg 1024w, https:\/\/warmachine-x.de\/wp-content\/uploads\/2025\/05\/SnapInsta.to_422288594_883083460488066_2285756129631835925_n-150x150.jpg 150w, https:\/\/warmachine-x.de\/wp-content\/uploads\/2025\/05\/SnapInsta.to_422288594_883083460488066_2285756129631835925_n-768x768.jpg 768w, https:\/\/warmachine-x.de\/wp-content\/uploads\/2025\/05\/SnapInsta.to_422288594_883083460488066_2285756129631835925_n-600x600.jpg 600w, https:\/\/warmachine-x.de\/wp-content\/uploads\/2025\/05\/SnapInsta.to_422288594_883083460488066_2285756129631835925_n-100x100.jpg 100w, https:\/\/warmachine-x.de\/wp-content\/uploads\/2025\/05\/SnapInsta.to_422288594_883083460488066_2285756129631835925_n.jpg 1080w\" sizes=\"auto, (max-width: 300px) 100vw, 300px\" \/><\/p>\n<h2><strong>Hintergrund<\/strong><\/h2>\n<div class=\"spoilerBox\">\n<div id=\"spoiler-content-5f0e4650\" class=\"spoilerBoxContent\" aria-hidden=\"false\" aria-labelledby=\"spoiler-button-5f0e4650\">\n<p>Die Trollbloods bestehen aus f\u00fcnf verschiedenen verwandten Rassen.<\/p>\n<p>Das gros der Bev\u00f6lkerung stellen die Trollkin, gr\u00f6\u00dfer und z\u00e4her als Menschen mit vergleichbarer Intelligenz leben sie in Stammesverb\u00e4nden, sogenannten Kriels in den unzivilisierten Gegenden der Menschenreiche sowie im hohen Norden.<\/p>\n<p>Weiterhin gibt es die Pygmies, kleinere Trolle die oft als Sp\u00e4her und Fernkampfeinheiten benutzt werden, die Vollbluttrolle, die eine geringere Intelligenz haben, aber unter Anleitung eines Warlocks effektiv moderne Waffen benutzen k\u00f6nnen, die Elementartrolle, deren Anpassung an ihre Umgebung ihnen verschiedene neue F\u00e4higkeiten verliehen hat, die Diretrolle, die auch unter den Trollbloods gef\u00fcrchtet sind und alles fressen was ihnen vor die Nase kommt, wenn sie nicht von einem Warlock kontrolliert werden und schlie\u00dflich die Troll K\u00f6nige. Monster, die so gro\u00df sind, dass sie Gletscher, Berge und Schiffe auf ihrem R\u00fccken tragen und deren erscheinen ganze D\u00f6rfer zum Umzug in ein anders Gebiet bewegt.<\/p>\n<p>In den Nachwehen des Krieges gegen die Infernals f\u00fchrt H\u00e4uptling Madrak Ironhide eine Gruppe von Trollkin St\u00e4mmen nach S\u00fcden um dem andauernden Krieg und den Unruhen in den L\u00e4ndern der Menschen zu entkommen.<\/p>\n<p>Im Laufe der Wanderung \u00fcbernahmen sie eine kleine Flotte von alten Handelsschiffen und Fischerbooten, die ihrem Weg folgten um Vorr\u00e4te und zu junge, alte oder kranke Trollkin zu transportieren.<\/p>\n<p>Auf dem Weg gibt es immer wieder Angriffe von Schiffen der Cryx oder des Protektorat von Menoth.<\/p>\n<p>Dies zwingt die Trolle dazu, die Schiffe zu bewaffnen und f\u00fchrt zu den Anf\u00e4ngen der Brineblood Marauders.<\/p>\n<p>Am Ende der Reise lassen sich die Piraten unter F\u00fchrung von Admiral Thorga Boomhowler im Brakish Lake, n\u00f6rdlich von Festung Tolok, dem Zentrum der neu gegr\u00fcndeten s\u00fcdlichen Kriels nieder.<\/p>\n<p>Von hier starten die Kapit\u00e4ne ihre Kaperfahrten, die sie zur\u00fcck nach Norden in die K\u00fcstengebiete der Menschenreiche f\u00fchren.<\/p>\n<p><img loading=\"lazy\" decoding=\"async\" class=\"alignnone size-medium wp-image-342\" src=\"https:\/\/warmachine-x.de\/wp-content\/uploads\/2025\/05\/KrielsPrimeIcon-300x300.webp\" alt=\"\" width=\"300\" height=\"300\" srcset=\"https:\/\/warmachine-x.de\/wp-content\/uploads\/2025\/05\/KrielsPrimeIcon-300x300.webp 300w, https:\/\/warmachine-x.de\/wp-content\/uploads\/2025\/05\/KrielsPrimeIcon-150x150.webp 150w, https:\/\/warmachine-x.de\/wp-content\/uploads\/2025\/05\/KrielsPrimeIcon-100x100.webp 100w, https:\/\/warmachine-x.de\/wp-content\/uploads\/2025\/05\/KrielsPrimeIcon.webp 400w\" sizes=\"auto, (max-width: 300px) 100vw, 300px\" \/><\/p>\n<h4>Empfohlene Literatur f\u00fcr die Hintergrundgeschichte in der Warmachine App:<\/h4>\n<ul>\n<li>Brine, Blood and Bilgewater<\/li>\n<li>Heroes and Villians:\n<ul>\n<li>Admiral Thorga \u201eThe Thunder\u201c Boomhowler<\/li>\n<li>Braghen Ragemonger<\/li>\n<li>Captain Firequill<\/li>\n<li>Captain Shadowtongue<\/li>\n<\/ul>\n<\/li>\n<li>Compendium:\n<ul>\n<li>Rough Seas of the Brineblood Marauders<\/li>\n<li>From the Dark Depths: The Abyssal Kings<\/li>\n<li>Firetongue Warriors<\/li>\n<\/ul>\n<\/li>\n<\/ul>\n<\/div>\n<\/div>\n<h2><strong>Spielweise:<\/strong><\/h2>\n<div class=\"spoilerBox\">\n<div id=\"spoiler-content-b2dc6054\" class=\"spoilerBoxContent\" aria-hidden=\"false\" aria-labelledby=\"spoiler-button-b2dc6054\">\n<p>Die Spielweise der Brinebloods kann je nach Listenzusammenstellung und Gegner sehr unterschiedlich sein. Sie dreht sich jedoch fast immer darum, den Gegner zu Angriffen gegen hart gepanzerte oder billige Modelle zu zwingen und dann zur\u00fcckzuschlagen.<\/p>\n<p>Die zentrale Einheit ist die Marauder Crew, die mit den richtigen Mitteln recht einfach zu t\u00f6ten ist. Jedoch schlagen alle die \u00fcbrig bleiben durch die vorhandenen Buffs viel h\u00e4rter zur\u00fcck als man es erwartet.<\/p>\n<p>Bei den Beasts ist der Deep Born Diretroll das h\u00e4ufigste Modell. Je nach Leader und Konfiguration k\u00f6nnen diese sehr billig oder sehr schwer zu t\u00f6ten sein.<\/p>\n<p>Zusammen mit den verschiedenen defensiven Zaubern und F\u00e4higkeiten f\u00fchrt dies dazu, dass der Gegner meist mehr Ressourcen investieren muss als er Trolle t\u00f6ten kann.<\/p>\n<p>Da alles was \u00fcbrig bleibt sehr hart zuhaut ist es schwer, den Gegenschlag zu \u00fcberleben, wenn man zu viel Piraten stehen l\u00e4sst.<\/p>\n<p>Ein guter Brineblood Spieler muss wissen wann er welche Modelle opfern muss um seinen Gegner zum Angriff zu zwingen und wann er besser au\u00dferhalb der Reichweite oder in Deckung bleibt.<\/p>\n<p><img loading=\"lazy\" decoding=\"async\" class=\"alignnone size-medium wp-image-341\" src=\"https:\/\/warmachine-x.de\/wp-content\/uploads\/2025\/05\/s-l1200-300x300.jpg\" alt=\"\" width=\"300\" height=\"300\" srcset=\"https:\/\/warmachine-x.de\/wp-content\/uploads\/2025\/05\/s-l1200-300x300.jpg 300w, https:\/\/warmachine-x.de\/wp-content\/uploads\/2025\/05\/s-l1200-150x150.jpg 150w, https:\/\/warmachine-x.de\/wp-content\/uploads\/2025\/05\/s-l1200-600x600.jpg 600w, https:\/\/warmachine-x.de\/wp-content\/uploads\/2025\/05\/s-l1200-100x100.jpg 100w, https:\/\/warmachine-x.de\/wp-content\/uploads\/2025\/05\/s-l1200.jpg 700w\" sizes=\"auto, (max-width: 300px) 100vw, 300px\" \/><\/p>\n<\/div>\n<\/div>\n<h2><strong>Wichtige Modelle<\/strong><\/h2>\n<div class=\"spoilerBox\">\n<div id=\"spoiler-content-696449b9\" class=\"spoilerBoxContent\" aria-hidden=\"false\" aria-labelledby=\"spoiler-button-696449b9\">\n<p>Zun\u00e4chst einmal haben alle Auswahlen die zur Verf\u00fcgung stehen ihre Berechtigung.<\/p>\n<p><strong><u>Achtung<\/u><\/strong>: Da Warmachine in der Regel 1x pro Jahr ein Balancing Update erh\u00e4lt k\u00f6nnen sich sowohl einzelne F\u00e4higkeiten als auch die Wichtigkeit eines Modells ver\u00e4ndern.<\/p>\n<p><strong>Marauder Crews<\/strong>\u00a0sind die mit Abstand wichtigste Einheit, nicht nur weil sie namensgebend sind. Mit 6pt f\u00fcr eine 5 Mann Einheit sind sie extrem billig und sogar ohne weitere Hilfe kommen sie auf Werte die ausreichen sowohl im Nah- als auch im Fernkampf vergleichbare Einheiten auszuschalten. Die drei verf\u00fcgbaren Attachements lassen sie verschieden Rollen einnehmen. Der\u00a0<strong>Bosun\u00a0<\/strong>macht sie schneller f\u00fcr den Nahkampf, der\u00a0<strong>Quartermaster\u00a0<\/strong>verbessert ihren Fernkampf und der\u00a0<strong>Tapper\u00a0<\/strong>macht sie schwerer zu t\u00f6ten.<\/p>\n<p><strong>Deep Born Diretrolle<\/strong>\u00a0sind die konfigurierbaren schweren Warbeasts der Fraktion. Je nach Liste kann man sie als billiges Nahkampfbiest, Tank, Infanterieschreck oder Panzerbrecher bauen. Sie halten wegen dem Spruch Fortify, den alle Leader f\u00fcr ihr Rack w\u00e4hlen k\u00f6nnen deutlich mehr aus, als ihre Punktzahl vermuten l\u00e4sst.<\/p>\n<p><strong>Vorogger\u00a0<\/strong>sind die schweren Warbeasts des Firetongue Kader. Sie senken die Verteidigung von Gegnern in ihrer Umgebung und haben einen Fernkampfangriff der Gegner zu ihnen zieht. Damit k\u00f6nnen sie auch gegnerische Warbeasts oder Warjacks die sich sicher f\u00fchlen in Reichweite zu Deiner Armee ziehen.<\/p>\n<p><strong>Booty Bosse<\/strong>\u00a0sind Solos, die offensive und defensive Verbesserungen f\u00fcr alle Deine Krieger mitbringen. Sie sind die 2 Punkte fast immer wert, und sobald man 3 oder mehr Einheiten hat sollte man sich \u00fcberlegen, noch einen zweiten einzupacken.<\/p>\n<p><strong>Fire Guardians<\/strong>\u00a0sind unsere beste Quelle f\u00fcr magische Waffen. Gerade wenn man gegen viele k\u00f6rperlose (incorporeal) Modelle spielt (zum Beispiel in Cryx oder Dusk) freut man sich, wenn man ein oder zwei dabei hat.<\/p>\n<p><strong>Madame Moriarty<\/strong>\u00a0eine S\u00f6ldnerin die allen unseren Anf\u00fchrern hilft, sie kommt in so gut wie jeder Liste vor.<\/p>\n<p>Je nach Anf\u00fchrer spielen sich die Brineblood Listen nochmal sehr unterschiedlich. Hier die gebr\u00e4uchlichsten:<\/p>\n<ul>\n<li><strong>Admiral Thorga Boomhowler<\/strong>\u00a0verbessert die Verteidigung aller Modelle und spielt gerne lange Spiele bei denen der Gegner nach und nach aufgerieben wird.<\/li>\n<li>\u00c4hnlich spielt sich<strong>\u00a0Commodore Foulblood<\/strong>, dessen Feat aber eher auf Gl\u00fcck und schlauem Ausnutzen von L\u00fccken, als auf einfachem erh\u00f6hen von Werten beruht.<\/li>\n<li><strong>Braghen Ragemonger<\/strong>\u00a0macht es sehr schwer, die Warbeasts zu t\u00f6ten und gibt gleichzeitig seiner Armee starke offensive Hilfe. Au\u00dferdem kann er den gegnerischen Anf\u00fchrer auf extreme Entfernung bedrohen.<\/li>\n<li><strong>Captain Shadowtongue<\/strong>\u00a0ist ein starker Zauberer, der mit Gallows und Perdition die gegnerische Armee schon sehr fr\u00fch bedroht und gleichzeit dank Dark Rituals im Hintergrund bleibt und seine Mannschaft f\u00fcr sich sterben l\u00e4sst.<\/li>\n<\/ul>\n<p><img loading=\"lazy\" decoding=\"async\" class=\"alignnone wp-image-343\" src=\"https:\/\/warmachine-x.de\/wp-content\/uploads\/2025\/05\/PIP28002_1024x1024-300x231.webp\" alt=\"\" width=\"381\" height=\"293\" srcset=\"https:\/\/warmachine-x.de\/wp-content\/uploads\/2025\/05\/PIP28002_1024x1024-300x231.webp 300w, https:\/\/warmachine-x.de\/wp-content\/uploads\/2025\/05\/PIP28002_1024x1024-768x592.webp 768w, https:\/\/warmachine-x.de\/wp-content\/uploads\/2025\/05\/PIP28002_1024x1024-600x462.webp 600w, https:\/\/warmachine-x.de\/wp-content\/uploads\/2025\/05\/PIP28002_1024x1024.webp 1024w\" sizes=\"auto, (max-width: 381px) 100vw, 381px\" \/><\/p>\n<\/div>\n<\/div>\n<h2><strong>Kaufempfehlungen:<\/strong><\/h2>\n<div class=\"spoilerBox\">\n<div id=\"spoiler-content-a3a2c1e7\" class=\"spoilerBoxContent\" aria-hidden=\"false\" aria-labelledby=\"spoiler-button-a3a2c1e7\">\n<p>Der billigste Einstieg, vergleichbar mit den alten Starter Boxen ist die\u00a0<strong>Brineblood Marauders Battlegroup Box<\/strong>. Sie enth\u00e4lt 2 modulare Warbeasts und mit Captain Firequill einen der einfacheren Anf\u00fchrer.<\/p>\n<p>Um ein besseres Gef\u00fchl f\u00fcrs Spiel zu bekommen lohnen sich jedoch die gr\u00f6\u00dferen Starter-Angebote.<\/p>\n<p>Alle drei aktuell erh\u00e4ltlichen Start-Boxen (<strong>Brineblood Marauders Core Expansion, Fire Tongue Warriors Command Cadre, Shadows &amp; Scum<\/strong>) Sind ihr Geld wert. Sie enthalten jeweils aufeinander abgestimmte Modelle die eine 30pt Armee erlauben. Alle enthalten Modelle, die man oft bis sehr oft spielt.<\/p>\n<p>Falls man nicht auf eine bestimmte Turnierliste aus ist kann man diese auch ohne Probleme zusammenwerfen um gr\u00f6\u00dfere Listen zu bauen.<\/p>\n<p>Auch Madame Moriarty ist ein Kauf, der sich schon sehr fr\u00fch (ab ca. 50pt) lohnt.<\/p>\n<p>Sollte das noch nicht reichen lohnt sich die<strong>\u00a0Brineblood Marauders Auxiliary Expansion<\/strong>. Sie enth\u00e4lt einige weitere Modelle, die man gerne m\u00f6chte und einen weiteren Anf\u00fchrer.<\/p>\n<p>Man kann problemlos jede Box ein mal kaufen ohne Modelle zu haben, die man \u00f6fter hat als man sie aufstellen kann.<\/p>\n<p>Es gibt einige Auswahlen, die man auch 2-4x haben will. Je nachdem wie Euer Spielstil ist solltet ihr vor allem \u00fcber weitere\u00a0<strong>Marauder Crews<\/strong>\u00a0(es gibt 2 Versionen mit komplett verschieden gestalteten Modellen) und\u00a0<strong>Attachements\u00a0<\/strong>sowie weitere\u00a0<strong>Deep Borns<\/strong>\u00a0nachdenken.<\/p>\n<p>Einige Modelle kann man ausschlie\u00dflich einzeln kaufen. Eines davon ist der letzte noch fehlende Anf\u00fchrer\u00a0<strong>Braghen Ragemonger<\/strong>, der sich sowohl vom Modell her, als auch von seinen (jetzt gerade aktuellen) Regeln her lohnt.<\/p>\n<p>Zwei weitere imposante Modelle die man nur einzeln bekommt sind die\u00a0<strong>Battle Brig<\/strong>\u00a0und der\u00a0<strong>Abyssal King<\/strong>. Sie werden allerdings eher selten gespielt und sind recht teuer. Aber gerade f\u00fcr Maler sind sie sehr interessant.<\/p>\n<p><em>Diese Seite wurde von mit freundlicher Unterst\u00fctzung von<a href=\"https:\/\/page5.de\/index.php?user\/27001-dasambi\/\"> dsambi<\/a> erstellt!<\/em><\/p>\n<\/div>\n<\/div>\n","protected":false},"excerpt":{"rendered":"<p>Southern Kriels \u2013 Unersch\u00fctterliche St\u00e4rke und z\u00e4he Krieger Die Southern Kriels repr\u00e4sentieren die widerstandsf\u00e4higen und k\u00e4mpferischen Trollbloods der Eisernen K\u00f6nigreiche. Bekannt f\u00fcr ihre unersch\u00fctterliche St\u00e4rke und ihren unbeugsamen Geist, marschieren diese Trollkin-Krieger zusammen mit ihren monstr\u00f6sen Verb\u00fcndeten in den Krieg, um mit einer Mischung aus brutaler Gewalt und taktischer Vielseitigkeit das Schlachtfeld zu beherrschen. Die [&hellip;]<\/p>\n","protected":false},"author":1,"featured_media":195,"parent":136,"menu_order":0,"comment_status":"closed","ping_status":"closed","template":"","meta":{"footnotes":""},"class_list":["post-149","page","type-page","status-publish","has-post-thumbnail","hentry"],"_links":{"self":[{"href":"https:\/\/warmachine-x.de\/index.php\/wp-json\/wp\/v2\/pages\/149","targetHints":{"allow":["GET"]}}],"collection":[{"href":"https:\/\/warmachine-x.de\/index.php\/wp-json\/wp\/v2\/pages"}],"about":[{"href":"https:\/\/warmachine-x.de\/index.php\/wp-json\/wp\/v2\/types\/page"}],"author":[{"embeddable":true,"href":"https:\/\/warmachine-x.de\/index.php\/wp-json\/wp\/v2\/users\/1"}],"replies":[{"embeddable":true,"href":"https:\/\/warmachine-x.de\/index.php\/wp-json\/wp\/v2\/comments?post=149"}],"version-history":[{"count":6,"href":"https:\/\/warmachine-x.de\/index.php\/wp-json\/wp\/v2\/pages\/149\/revisions"}],"predecessor-version":[{"id":345,"href":"https:\/\/warmachine-x.de\/index.php\/wp-json\/wp\/v2\/pages\/149\/revisions\/345"}],"up":[{"embeddable":true,"href":"https:\/\/warmachine-x.de\/index.php\/wp-json\/wp\/v2\/pages\/136"}],"wp:featuredmedia":[{"embeddable":true,"href":"https:\/\/warmachine-x.de\/index.php\/wp-json\/wp\/v2\/media\/195"}],"wp:attachment":[{"href":"https:\/\/warmachine-x.de\/index.php\/wp-json\/wp\/v2\/media?parent=149"}],"curies":[{"name":"wp","href":"https:\/\/api.w.org\/{rel}","templated":true}]}}