{"id":151,"date":"2025-05-05T07:40:38","date_gmt":"2025-05-05T07:40:38","guid":{"rendered":"https:\/\/warmachine.cerxis.de\/?page_id=151"},"modified":"2025-05-13T09:14:00","modified_gmt":"2025-05-13T09:14:00","slug":"khador","status":"publish","type":"page","link":"https:\/\/warmachine-x.de\/index.php\/spiel\/fraktionen\/khador\/","title":{"rendered":"Khador"},"content":{"rendered":"<h3 class=\"\" data-start=\"121\" data-end=\"173\"><strong data-start=\"125\" data-end=\"173\">Khador \u2013 Unaufhaltsame St\u00e4rke aus dem Norden<\/strong><\/h3>\n<h3><strong>Zielgruppe:<\/strong><\/h3>\n<p>Der Winter Korps ist etwas f\u00fcr:<\/p>\n<ul>\n<li>Maler, die big, stompy Robots und dazu einen Eimer voll Infanteristen bemalen wollen .<\/li>\n<li>Spieler, die gerne gro\u00dfe Warjacks oder viel Infanterie ins Feld f\u00fchren wollen<\/li>\n<li>Strategen, die mehr auf klassische Strategie stehen, als auf gro\u00dfe Tricks<br \/>\n<img loading=\"lazy\" decoding=\"async\" class=\"alignnone size-medium wp-image-494\" src=\"https:\/\/warmachine-x.de\/wp-content\/uploads\/2025\/05\/Warmachine-ProductShot-2000x2000-Khador-300x300.webp\" alt=\"\" width=\"300\" height=\"300\" srcset=\"https:\/\/warmachine-x.de\/wp-content\/uploads\/2025\/05\/Warmachine-ProductShot-2000x2000-Khador-300x300.webp 300w, https:\/\/warmachine-x.de\/wp-content\/uploads\/2025\/05\/Warmachine-ProductShot-2000x2000-Khador-150x150.webp 150w, https:\/\/warmachine-x.de\/wp-content\/uploads\/2025\/05\/Warmachine-ProductShot-2000x2000-Khador-600x600.webp 600w, https:\/\/warmachine-x.de\/wp-content\/uploads\/2025\/05\/Warmachine-ProductShot-2000x2000-Khador-100x100.webp 100w, https:\/\/warmachine-x.de\/wp-content\/uploads\/2025\/05\/Warmachine-ProductShot-2000x2000-Khador.webp 750w\" sizes=\"auto, (max-width: 300px) 100vw, 300px\" \/><\/li>\n<\/ul>\n<h3><strong>Hintergrund:<\/strong><\/h3>\n<p>Das khadoranische Imperium liegt im eisigen Norden der eisernen K\u00f6nigreiche. W\u00e4hrend es im N<span style=\"font-size: 1rem;\">orden und Osten durch unwegsame Gebirge begrenzt wird, liegt im Westen die ebenfalls eisige See. Hier befinden &#8211; oder viel mehr befanden &#8211; sich die m\u00e4chtigen khadoranischen Hafenst\u00e4dte, welche die gro\u00dfen Flotten des Mutterlandes beherbergten, ausstatteten und bauten &#8211; zumindest bis zur Invasion der zur\u00fcckgekehrten Orgoth. Denn hier an der Ostk\u00fcste des Imperiums, schlug deren neuerliche Invasion nicht nur als erstes, sondern auch als heftigstes ein.<\/span><\/p>\n<p>Zum ersten Mal seit langer Zeit sah sich das m\u00e4chtige Reich des Nordens gezwungen, sich mit so ziemlich allem zu verb\u00fcnden, was das riesige Reich im S\u00fcden begrenzt. Den<span style=\"font-size: 1rem;\">n dort liegen die Nachbarreiche von Ord, Llael und vor allem der Erzfeind Cygnar, mit denen sich das expansionistische Reich mal mehr, mal weniger im Kriegszustand befindet.<\/span><\/p>\n<p>Eine Dem\u00fctigung ohne gleichen f\u00fcr die Imperatorin Ayn Vanaar, welche ihr Land gerade erst durch einen blutigen B\u00fcrgerkrieg, in welchem Teile des Adels aufbegehrten, hatte f\u00fchren und erneut einigen m\u00fcssen.<br \/>\nDoch Khador hatte in diesem Konflikt auch seine Truppen modernisiert und von einem Heer aus schlecht ausgebildeten &#8220;freiwilligen&#8220;, zu einer dauerhaft stehenden Armee transformiert. Dieses neu geformte &#8220;Winter Korps&#8220; warf sich den Orgoth entgegen und bewies schnell, dass das Mutterland noch lange nicht am Boden lag.<\/p>\n<p><strong>Spielweise:<\/strong><\/p>\n<p>Khador ist ber\u00fchmt f\u00fcr seine schwer gepanzerten Warjacks und widerstandsf\u00e4higen Infanterieeinheiten. Diese Einheiten sind darauf ausgelegt, massive Angriffe<span style=\"font-size: 1rem;\">\u00a0zu \u00fcberstehen und m\u00e4chtige, vernichtende Schl\u00e4ge auszuteilen. Die Warjacks von Khador sind gro\u00df, langsam und extrem stark, w\u00e4hrend die Infanterie hoch spezialisiert ist.\u00a0Allerdings bedeutet dies auch limitierten Support auf dem Schlachtfeld.<\/span><\/p>\n<p><img loading=\"lazy\" decoding=\"async\" class=\"alignnone size-medium wp-image-493\" src=\"https:\/\/warmachine-x.de\/wp-content\/uploads\/2025\/05\/Privateer-Press_Warmachine-Man-O-War-Suppressors-e1666971610226-300x100.jpeg\" alt=\"\" width=\"300\" height=\"100\" srcset=\"https:\/\/warmachine-x.de\/wp-content\/uploads\/2025\/05\/Privateer-Press_Warmachine-Man-O-War-Suppressors-e1666971610226-300x100.jpeg 300w, https:\/\/warmachine-x.de\/wp-content\/uploads\/2025\/05\/Privateer-Press_Warmachine-Man-O-War-Suppressors-e1666971610226-768x256.jpeg 768w, https:\/\/warmachine-x.de\/wp-content\/uploads\/2025\/05\/Privateer-Press_Warmachine-Man-O-War-Suppressors-e1666971610226-600x200.jpeg 600w, https:\/\/warmachine-x.de\/wp-content\/uploads\/2025\/05\/Privateer-Press_Warmachine-Man-O-War-Suppressors-e1666971610226.jpeg 1000w\" sizes=\"auto, (max-width: 300px) 100vw, 300px\" \/><\/p>\n<p>Khador-Einheiten sind darauf ausgelegt, durch ihre \u00fcberlegene Haltbarkeit und rohe Gewalt die Schlacht zu dominieren.\u00a0Gef\u00fchrt werden sie dabei von den Khador Warcastern. Diese Gener\u00e4le haben unterschiedliche Schwerpunkte und gestalten mit ihren besonderen F\u00e4higkeiten den Verlauf der Schlacht. Meist spezialisieren sie sich dabei auf die Unterst\u00fctzungen von bestimmten Aspekten der Khador Armee.<\/p>\n<p>Auf dem Spielfeld setzt Khador dabei auf die \u00fcberlegenen Werte um seine Gegner im langen Kampf zu zerreiben. Allerdings m\u00fcssen gegnerische Warcaster oder Warlocks auch auf der Hut sein, denn Khador ist auch sehr gut darin den gegnerischen General zu eliminieren sollte sich dieser nicht vorsehen.<\/p>\n<p><strong>Wichtige Modelle:<\/strong><\/p>\n<p><img loading=\"lazy\" decoding=\"async\" class=\"alignnone size-medium wp-image-491\" style=\"font-size: 1rem;\" src=\"https:\/\/warmachine-x.de\/wp-content\/uploads\/2025\/05\/warmachine-khador-winter-korps-battlegroup-box-en-300x300.jpg\" alt=\"\" width=\"300\" height=\"300\" srcset=\"https:\/\/warmachine-x.de\/wp-content\/uploads\/2025\/05\/warmachine-khador-winter-korps-battlegroup-box-en-300x300.jpg 300w, https:\/\/warmachine-x.de\/wp-content\/uploads\/2025\/05\/warmachine-khador-winter-korps-battlegroup-box-en-150x150.jpg 150w, https:\/\/warmachine-x.de\/wp-content\/uploads\/2025\/05\/warmachine-khador-winter-korps-battlegroup-box-en-768x768.jpg 768w, https:\/\/warmachine-x.de\/wp-content\/uploads\/2025\/05\/warmachine-khador-winter-korps-battlegroup-box-en-600x600.jpg 600w, https:\/\/warmachine-x.de\/wp-content\/uploads\/2025\/05\/warmachine-khador-winter-korps-battlegroup-box-en-100x100.jpg 100w, https:\/\/warmachine-x.de\/wp-content\/uploads\/2025\/05\/warmachine-khador-winter-korps-battlegroup-box-en.jpg 800w\" sizes=\"auto, (max-width: 300px) 100vw, 300px\" \/><br \/>\nMedveditsa<\/p>\n<p>Great Bear Heavy Warjack<\/p>\n<p>Bison<\/p>\n<p>Winter Korps Officer<\/p>\n<p>The Hounds<\/p>\n<p>Winter Korps Sniper + Hunting Dog<\/p>\n<p>Arkanisten<\/p>\n<p><strong>Kaufempfehlungen:<\/strong><\/p>\n<p>Warmachine: Khador SKS-6 Command Cadre<\/p>\n<p>Winter Korps Auxiliary Expansion<\/p>\n<p>2x Winter Korps Officer<\/p>\n<p>Winter Korps Sniper + Hunting Dog<\/p>\n<p>Medveditsa<\/p>\n<p>2x Great Bear Warjack<\/p>\n<p>Arkanists<\/p>\n<p><img loading=\"lazy\" decoding=\"async\" class=\"alignnone size-medium wp-image-495\" src=\"https:\/\/warmachine-x.de\/wp-content\/uploads\/2025\/05\/warmachine-khador-winter-korps-core-expansion-300x300.png\" alt=\"\" width=\"300\" height=\"300\" srcset=\"https:\/\/warmachine-x.de\/wp-content\/uploads\/2025\/05\/warmachine-khador-winter-korps-core-expansion-300x300.png 300w, https:\/\/warmachine-x.de\/wp-content\/uploads\/2025\/05\/warmachine-khador-winter-korps-core-expansion-150x150.png 150w, https:\/\/warmachine-x.de\/wp-content\/uploads\/2025\/05\/warmachine-khador-winter-korps-core-expansion-768x768.png 768w, https:\/\/warmachine-x.de\/wp-content\/uploads\/2025\/05\/warmachine-khador-winter-korps-core-expansion-600x600.png 600w, https:\/\/warmachine-x.de\/wp-content\/uploads\/2025\/05\/warmachine-khador-winter-korps-core-expansion-100x100.png 100w, https:\/\/warmachine-x.de\/wp-content\/uploads\/2025\/05\/warmachine-khador-winter-korps-core-expansion.png 800w\" sizes=\"auto, (max-width: 300px) 100vw, 300px\" \/><br \/>\nAnmerkung:<br \/>\nNach aktuellem Stand der Regeln (Mai 2025) sind die &#8220;Must Haves&#8220; der Fraktion leider sehr ungl\u00fccklich \u00fcber die 3 Core Boxen verteilt und man bezahlt h\u00e4ufig viele Modelle mit, die man eigentlich nicht haben m\u00f6chte. Daher kann Khador derzeit eine Fraktion sein, bei der es sich tats\u00e4chlich eher lohnt, spezifische Dinge anstatt der Expansions zu kaufen.<br \/>\nSelbst die Battlegroup, welche normalerweise immer 2-3 fach ein guter Deal ist, ist hier f\u00fcr einen Neueinsteiger derzeit in Frage zu stellen. Der enthaltene Caster ist sehr schwer zu spielen und der Dire Wolf Warjack ist stark generved worden.<br \/>\nWenn man den Caster (Ilari Boisyuk) spielen m\u00f6chte, kann die Battlegroup als erste sinnvolle Erweiterung nach dem Anteil der 2-Spieler Box empfohlen werden.<\/p>\n<p>&nbsp;<\/p>\n<p><em>Diese Seite wurde von mit freundlicher Unterst\u00fctzung von<a href=\"https:\/\/page5.de\/index.php?user\/26787-candy-trash\/\"> Candy.Trash<\/a>\u00a0erstellt!<\/em><\/p>\n","protected":false},"excerpt":{"rendered":"<p>Khador \u2013 Unaufhaltsame St\u00e4rke aus dem Norden Zielgruppe: Der Winter Korps ist etwas f\u00fcr: Maler, die big, stompy Robots und dazu einen Eimer voll Infanteristen bemalen wollen . Spieler, die gerne gro\u00dfe Warjacks oder viel Infanterie ins Feld f\u00fchren wollen Strategen, die mehr auf klassische Strategie stehen, als auf gro\u00dfe Tricks Hintergrund: Das khadoranische Imperium [&hellip;]<\/p>\n","protected":false},"author":1,"featured_media":198,"parent":136,"menu_order":0,"comment_status":"closed","ping_status":"closed","template":"","meta":{"footnotes":""},"class_list":["post-151","page","type-page","status-publish","has-post-thumbnail","hentry"],"_links":{"self":[{"href":"https:\/\/warmachine-x.de\/index.php\/wp-json\/wp\/v2\/pages\/151","targetHints":{"allow":["GET"]}}],"collection":[{"href":"https:\/\/warmachine-x.de\/index.php\/wp-json\/wp\/v2\/pages"}],"about":[{"href":"https:\/\/warmachine-x.de\/index.php\/wp-json\/wp\/v2\/types\/page"}],"author":[{"embeddable":true,"href":"https:\/\/warmachine-x.de\/index.php\/wp-json\/wp\/v2\/users\/1"}],"replies":[{"embeddable":true,"href":"https:\/\/warmachine-x.de\/index.php\/wp-json\/wp\/v2\/comments?post=151"}],"version-history":[{"count":7,"href":"https:\/\/warmachine-x.de\/index.php\/wp-json\/wp\/v2\/pages\/151\/revisions"}],"predecessor-version":[{"id":496,"href":"https:\/\/warmachine-x.de\/index.php\/wp-json\/wp\/v2\/pages\/151\/revisions\/496"}],"up":[{"embeddable":true,"href":"https:\/\/warmachine-x.de\/index.php\/wp-json\/wp\/v2\/pages\/136"}],"wp:featuredmedia":[{"embeddable":true,"href":"https:\/\/warmachine-x.de\/index.php\/wp-json\/wp\/v2\/media\/198"}],"wp:attachment":[{"href":"https:\/\/warmachine-x.de\/index.php\/wp-json\/wp\/v2\/media?parent=151"}],"curies":[{"name":"wp","href":"https:\/\/api.w.org\/{rel}","templated":true}]}}