{"id":346,"date":"2025-05-07T07:52:59","date_gmt":"2025-05-07T07:52:59","guid":{"rendered":"https:\/\/warmachine.cerxis.de\/?page_id=346"},"modified":"2026-03-20T08:22:12","modified_gmt":"2026-03-20T08:22:12","slug":"kaufe-warmachine","status":"publish","type":"page","link":"https:\/\/warmachine-x.de\/index.php\/spiel\/kaufe-warmachine\/","title":{"rendered":"Kaufe Warmachine"},"content":{"rendered":"<h2 class=\"\" style=\"text-align: center;\" data-start=\"153\" data-end=\"204\"><strong data-start=\"156\" data-end=\"204\">Modelle kaufen \u2013 So kommst du an deine Armee<\/strong><\/h2>\n<p class=\"\" data-start=\"206\" data-end=\"435\">Alle Miniaturen f\u00fcr <em data-start=\"226\" data-end=\"238\">Warmachine<\/em> bekommst du direkt im offiziellen <a class=\"\" href=\"https:\/\/steamforged.com\/en-eu\/collections\/warmachine\" target=\"_new\" rel=\"noopener\" data-start=\"273\" data-end=\"326\"><strong data-start=\"274\" data-end=\"300\">Steamforged Games Shop<\/strong><\/a>. Dort findest du das vollst\u00e4ndige Sortiment, darunter neue Releases, Fraktionsboxen und exklusive Einheiten.<\/p>\n<div id=\"attachment_350\" style=\"width: 488px\" class=\"wp-caption aligncenter\"><a href=\"https:\/\/steamforged.com\/en-eu\/collections\/warmachine\"><img loading=\"lazy\" decoding=\"async\" aria-describedby=\"caption-attachment-350\" class=\"wp-image-350\" src=\"https:\/\/warmachine-x.de\/wp-content\/uploads\/2025\/05\/Screenshot-2025-05-07-095357-300x148.png\" alt=\"\" width=\"478\" height=\"236\" srcset=\"https:\/\/warmachine-x.de\/wp-content\/uploads\/2025\/05\/Screenshot-2025-05-07-095357-300x148.png 300w, https:\/\/warmachine-x.de\/wp-content\/uploads\/2025\/05\/Screenshot-2025-05-07-095357-1024x505.png 1024w, https:\/\/warmachine-x.de\/wp-content\/uploads\/2025\/05\/Screenshot-2025-05-07-095357-768x379.png 768w, https:\/\/warmachine-x.de\/wp-content\/uploads\/2025\/05\/Screenshot-2025-05-07-095357-1536x758.png 1536w, https:\/\/warmachine-x.de\/wp-content\/uploads\/2025\/05\/Screenshot-2025-05-07-095357-600x296.png 600w, https:\/\/warmachine-x.de\/wp-content\/uploads\/2025\/05\/Screenshot-2025-05-07-095357.png 1832w\" sizes=\"auto, (max-width: 478px) 100vw, 478px\" \/><\/a><p id=\"caption-attachment-350\" class=\"wp-caption-text\">Offizieller Warmachine Shop von Steamforged Games<\/p><\/div>\n<p class=\"\" data-start=\"437\" data-end=\"484\">Doch du musst nicht immer im Ausland bestellen:<\/p>\n<p class=\"\" data-start=\"486\" data-end=\"748\">\ud83d\uded2 <strong data-start=\"489\" data-end=\"519\">In Deutschland erh\u00e4ltlich:<\/strong><br data-start=\"519\" data-end=\"522\" \/>Die wichtigsten Boxen \u2013 also <strong data-start=\"551\" data-end=\"562\">Command<\/strong>, <strong data-start=\"564\" data-end=\"572\">Core<\/strong>, <strong data-start=\"574\" data-end=\"589\">Battlegroup<\/strong> und <strong data-start=\"594\" data-end=\"613\">Auxiliary Boxes<\/strong> \u2013 bekommst du auch bei gut sortierten <strong data-start=\"652\" data-end=\"678\">deutschen Fachh\u00e4ndlern<\/strong>. Einige <strong data-start=\"687\" data-end=\"712\">Mercenaries-Einheiten<\/strong> sind ebenfalls im Handel verf\u00fcgbar.<\/p>\n<div id=\"attachment_354\" style=\"width: 610px\" class=\"wp-caption aligncenter\"><a href=\"https:\/\/taschengelddieb.de\/spielsysteme-warmachine\"><img loading=\"lazy\" decoding=\"async\" aria-describedby=\"caption-attachment-354\" class=\"wp-image-354\" src=\"https:\/\/warmachine-x.de\/wp-content\/uploads\/2025\/05\/4258_desktop-300x73.jpg\" alt=\"\" width=\"600\" height=\"145\" srcset=\"https:\/\/warmachine-x.de\/wp-content\/uploads\/2025\/05\/4258_desktop-300x73.jpg 300w, https:\/\/warmachine-x.de\/wp-content\/uploads\/2025\/05\/4258_desktop-1024x248.jpg 1024w, https:\/\/warmachine-x.de\/wp-content\/uploads\/2025\/05\/4258_desktop-768x186.jpg 768w, https:\/\/warmachine-x.de\/wp-content\/uploads\/2025\/05\/4258_desktop-1536x371.jpg 1536w, https:\/\/warmachine-x.de\/wp-content\/uploads\/2025\/05\/4258_desktop-600x145.jpg 600w, https:\/\/warmachine-x.de\/wp-content\/uploads\/2025\/05\/4258_desktop.jpg 2048w\" sizes=\"auto, (max-width: 600px) 100vw, 600px\" \/><\/a><p id=\"caption-attachment-354\" class=\"wp-caption-text\">Warmachine Kategorie beim Taschengelddieb<\/p><\/div>\n<p class=\"\" data-start=\"750\" data-end=\"952\">\ud83d\udd12 <strong data-start=\"753\" data-end=\"782\">Exklusiv bei Steamforged:<\/strong><br data-start=\"782\" data-end=\"785\" \/>Spezialisierte Einheiten, neue Releases, Einzelmodelle und vieles dar\u00fcber hinaus bleiben <a href=\"https:\/\/steamforged.com\/en-eu\/collections\/warmachine\"><strong data-start=\"874\" data-end=\"898\">Steamforged-exklusiv<\/strong> <\/a>\u2013 hier lohnt sich ein regelm\u00e4\u00dfiger Blick in den Shop!<\/p>\n<p style=\"text-align: center;\" data-start=\"750\" data-end=\"952\">Diese Seite wird unterst\u00fctzt von <a href=\"https:\/\/taschengelddieb.de\/spielsysteme-warmachine\"><strong>Taschengelddieb.de<\/strong><\/a><\/p>\n<div id=\"attachment_358\" style=\"width: 510px\" class=\"wp-caption aligncenter\"><a href=\"https:\/\/taschengelddieb.de\/spielsysteme-warmachine\"><img loading=\"lazy\" decoding=\"async\" aria-describedby=\"caption-attachment-358\" class=\"wp-image-358\" src=\"https:\/\/warmachine-x.de\/wp-content\/uploads\/2025\/05\/2.1_2024-08-12-Startseitenbanner-Warmachine-300x150.png\" alt=\"\" width=\"500\" height=\"250\" srcset=\"https:\/\/warmachine-x.de\/wp-content\/uploads\/2025\/05\/2.1_2024-08-12-Startseitenbanner-Warmachine-300x150.png 300w, https:\/\/warmachine-x.de\/wp-content\/uploads\/2025\/05\/2.1_2024-08-12-Startseitenbanner-Warmachine-1024x512.png 1024w, https:\/\/warmachine-x.de\/wp-content\/uploads\/2025\/05\/2.1_2024-08-12-Startseitenbanner-Warmachine-768x384.png 768w, https:\/\/warmachine-x.de\/wp-content\/uploads\/2025\/05\/2.1_2024-08-12-Startseitenbanner-Warmachine-1536x768.png 1536w, https:\/\/warmachine-x.de\/wp-content\/uploads\/2025\/05\/2.1_2024-08-12-Startseitenbanner-Warmachine-600x300.png 600w, https:\/\/warmachine-x.de\/wp-content\/uploads\/2025\/05\/2.1_2024-08-12-Startseitenbanner-Warmachine.png 2048w\" sizes=\"auto, (max-width: 500px) 100vw, 500px\" \/><\/a><p id=\"caption-attachment-358\" class=\"wp-caption-text\">St\u00f6bere nach Warmachine beim Taschengelddieb<\/p><\/div>\n<p><strong>\ud83d\uded2 Weitere deutsche H\u00e4ndler:<\/strong><\/p>\n<p><a href=\"https:\/\/www.pk-pro.de\/Warmachine\"><strong>PK Pro hat nun auch Warmachine im Angebot<\/strong><\/a><\/p>\n<p><a href=\"https:\/\/www.pk-pro.de\/Warmachine\"><img loading=\"lazy\" decoding=\"async\" class=\"size-medium wp-image-825 alignnone\" src=\"https:\/\/warmachine-x.de\/wp-content\/uploads\/2025\/08\/IMG_6527-300x88.png\" alt=\"\" width=\"300\" height=\"88\" srcset=\"https:\/\/warmachine-x.de\/wp-content\/uploads\/2025\/08\/IMG_6527-300x88.png 300w, https:\/\/warmachine-x.de\/wp-content\/uploads\/2025\/08\/IMG_6527-1024x300.png 1024w, https:\/\/warmachine-x.de\/wp-content\/uploads\/2025\/08\/IMG_6527-768x225.png 768w, https:\/\/warmachine-x.de\/wp-content\/uploads\/2025\/08\/IMG_6527-600x175.png 600w, https:\/\/warmachine-x.de\/wp-content\/uploads\/2025\/08\/IMG_6527.png 1453w\" sizes=\"auto, (max-width: 300px) 100vw, 300px\" \/><\/a><\/p>\n<p data-start=\"750\" data-end=\"952\"><a href=\"https:\/\/www.fantasywelt.de\/Warmachine\">Fantasywelt.de<\/a><\/p>\n<p data-start=\"750\" data-end=\"952\"><a href=\"https:\/\/fantasystronghold.de\/Warmachine\">FantasyStronghold.de<\/a><\/p>\n<p data-start=\"750\" data-end=\"952\"><a href=\"https:\/\/shop.battlefield-berlin.de\/katalog\/nlayer\/2784\/warmachine-sfg\">Battlefield Berlin\u00a0<\/a><\/p>\n<p><a href=\"https:\/\/www.miniaturicum.de\/Warmachine?srsltid=AfmBOoowuLX71CnZ588E8cNb5ZXaalC6w-VrtbwHzhZSa4OwNouWT2g7\">Miniaturicum<\/a><\/p>\n<p data-start=\"750\" data-end=\"952\"><em>Es werden nur H\u00e4ndler angegeben die Steamforged Games Modelle verkaufen.<\/em><\/p>\n<p data-start=\"750\" data-end=\"952\"><em>Wir empfehlen bei allen H\u00e4ndlern die Artikelnummer auf das SFG von Steamforged Games zu untersuchen, bzw. die Herstellerangabe Steamforged Games, da es bei Privateer Press Modellen (Artikel Bezeichnung bspw. PIP00000) zum Ende hin massive Qualit\u00e4tsunstimmigkeiten gab!<\/em><\/p>\n<p>Verk\u00e4ufer \u00e4lterer Modelle sind beispielsweise <a href=\"https:\/\/www.kutami.de\/MKIV-Warmachine\">Kutami.de<\/a> oder <a href=\"https:\/\/www.besserepreise.com\/tabletop\/warmachine.htm\">besserePreise.<\/a><\/p>\n<p>&nbsp;<\/p>\n<p>\ud83c\udfb2<strong style=\"font-size: 1rem;\">Was brauchst du noch?:<\/strong><\/p>\n<p>&#8211; <a href=\"https:\/\/taschengelddieb.de\/Tabletop-Spielzubehoer-Massbaender-Messhilfen\"><strong>Ma\u00dfband in Zoll<\/strong><\/a> oder ein zwei Messst\u00e4be<\/p>\n<p>&#8211; <strong><a href=\"https:\/\/taschengelddieb.de\/Tabletop-Spielzubehoer-Marker\">\u2060Marker zum Fokus markieren<\/a><\/strong> wie bspw. Glasperlen (ca. 12)<\/p>\n<p>&#8211; \u2060Bases zum markieren von Missionszielen (<a href=\"https:\/\/www.pk-pro.de\/50mm-Rund-mit-Lippe-Magnet-Slot-3x-Stiftverbindung-optionaler-Miniatur-Slot-2x\">1x50mm,<\/a> \u2060<a href=\"https:\/\/www.pk-pro.de\/40mm-Rund-mit-Lippe-Magnet-Slot-optionaler-Miniatur-Slot-5x\">1&#215;40 mm<\/a>, <a href=\"https:\/\/www.pk-pro.de\/30mm-Rund-mit-Lippe-Magnet-Slot-optionaler-Miniatur-Slot-10x\">\u20602x30mm<\/a>)<\/p>\n<p>Allgemein ein Tisch zum spielen 48&#215;48 Zoll, 4&#215;4 Fuss bzw. ~121x121cm am besten mit einer <a href=\"https:\/\/taschengelddieb.de\/Gelaende-Spielfelder-4x4\"><strong>Matte<\/strong><\/a> oder Gel\u00e4ndeplatten<\/p>\n<p><strong><a href=\"https:\/\/taschengelddieb.de\/tabletop-fantasy-gelaende\">Ungef\u00e4hr 10 Gel\u00e4ndest\u00fccke<\/a><\/strong><\/p>\n<h1><a href=\"https:\/\/warmachine-x.de\/index.php\/spiel\/ressourcen\/spiel-guide\/\"><strong>Einen kompletten Spielmaterial-Guide findest du hier!<\/strong><\/a><\/h1>\n","protected":false},"excerpt":{"rendered":"<p>Modelle kaufen \u2013 So kommst du an deine Armee Alle Miniaturen f\u00fcr Warmachine bekommst du direkt im offiziellen Steamforged Games Shop. Dort findest du das vollst\u00e4ndige Sortiment, darunter neue Releases, Fraktionsboxen und exklusive Einheiten. Doch du musst nicht immer im Ausland bestellen: \ud83d\uded2 In Deutschland erh\u00e4ltlich:Die wichtigsten Boxen \u2013 also Command, Core, Battlegroup und Auxiliary [&hellip;]<\/p>\n","protected":false},"author":1,"featured_media":0,"parent":21,"menu_order":0,"comment_status":"closed","ping_status":"closed","template":"","meta":{"footnotes":""},"class_list":["post-346","page","type-page","status-publish","hentry"],"_links":{"self":[{"href":"https:\/\/warmachine-x.de\/index.php\/wp-json\/wp\/v2\/pages\/346","targetHints":{"allow":["GET"]}}],"collection":[{"href":"https:\/\/warmachine-x.de\/index.php\/wp-json\/wp\/v2\/pages"}],"about":[{"href":"https:\/\/warmachine-x.de\/index.php\/wp-json\/wp\/v2\/types\/page"}],"author":[{"embeddable":true,"href":"https:\/\/warmachine-x.de\/index.php\/wp-json\/wp\/v2\/users\/1"}],"replies":[{"embeddable":true,"href":"https:\/\/warmachine-x.de\/index.php\/wp-json\/wp\/v2\/comments?post=346"}],"version-history":[{"count":25,"href":"https:\/\/warmachine-x.de\/index.php\/wp-json\/wp\/v2\/pages\/346\/revisions"}],"predecessor-version":[{"id":1001,"href":"https:\/\/warmachine-x.de\/index.php\/wp-json\/wp\/v2\/pages\/346\/revisions\/1001"}],"up":[{"embeddable":true,"href":"https:\/\/warmachine-x.de\/index.php\/wp-json\/wp\/v2\/pages\/21"}],"wp:attachment":[{"href":"https:\/\/warmachine-x.de\/index.php\/wp-json\/wp\/v2\/media?parent=346"}],"curies":[{"name":"wp","href":"https:\/\/api.w.org\/{rel}","templated":true}]}}