{"id":505,"date":"2025-05-14T10:25:00","date_gmt":"2025-05-14T10:25:00","guid":{"rendered":"https:\/\/warmachine-x.de\/?page_id=505"},"modified":"2025-10-23T09:36:57","modified_gmt":"2025-10-23T09:36:57","slug":"spiel-guide","status":"publish","type":"page","link":"https:\/\/warmachine-x.de\/index.php\/spiel\/ressourcen\/spiel-guide\/","title":{"rendered":"Spiel-Guide"},"content":{"rendered":"<h2><strong>Spielmaterial<\/strong><\/h2>\n<p>Es braucht eigentlich nicht viel, um Warmachine zu spielen. Wenn man es genau nimmt, braucht man noch nicht einmal Figuren. Alles was man ben\u00f6tigt ist ein paar Bl\u00e4tter Papier, ein Zirkel, eine Schere, einen Stift und etwas zum abmessen und schon kann man sich alles selbst bauen was man braucht.<\/p>\n<p>Aber mal ehrlich, die wenigsten, die ins Tabletop Hobby kommen, sind wegen der tollen Regeln da. Die meisten kommen wegen der coolen Optik. Und bei Warmachine bleiben sie dann wegen der tollen Regeln.<\/p>\n<p>Aber was genau braucht man jetzt eigentlich, und welche Optionen gibt es, wenn man das optisch etwas aufh\u00fcbschen will?<\/p>\n<p>Im Prinzip braucht man<\/p>\n<ul>\n<li>Spielfiguren<\/li>\n<li>Etwas zum W\u00fcrfeln<\/li>\n<li>Etwas zum abmessen (bestenfalls in Inch\/Zoll)<\/li>\n<li>Etwas um Statuseffekte und Fokus\/Fury zu markieren<\/li>\n<li>Eine Spielfl\u00e4che<\/li>\n<\/ul>\n<p>Welche Optionen haben wir bei den einzelnen Punkten?<\/p>\n<p><img loading=\"lazy\" decoding=\"async\" class=\"alignnone size-medium wp-image-358\" src=\"https:\/\/warmachine-x.de\/wp-content\/uploads\/2025\/05\/2.1_2024-08-12-Startseitenbanner-Warmachine-300x150.png\" alt=\"\" width=\"300\" height=\"150\" srcset=\"https:\/\/warmachine-x.de\/wp-content\/uploads\/2025\/05\/2.1_2024-08-12-Startseitenbanner-Warmachine-300x150.png 300w, https:\/\/warmachine-x.de\/wp-content\/uploads\/2025\/05\/2.1_2024-08-12-Startseitenbanner-Warmachine-1024x512.png 1024w, https:\/\/warmachine-x.de\/wp-content\/uploads\/2025\/05\/2.1_2024-08-12-Startseitenbanner-Warmachine-768x384.png 768w, https:\/\/warmachine-x.de\/wp-content\/uploads\/2025\/05\/2.1_2024-08-12-Startseitenbanner-Warmachine-1536x768.png 1536w, https:\/\/warmachine-x.de\/wp-content\/uploads\/2025\/05\/2.1_2024-08-12-Startseitenbanner-Warmachine-600x300.png 600w, https:\/\/warmachine-x.de\/wp-content\/uploads\/2025\/05\/2.1_2024-08-12-Startseitenbanner-Warmachine.png 2048w\" sizes=\"auto, (max-width: 300px) 100vw, 300px\" \/><\/p>\n<h1><strong>Spielfiguren<\/strong><\/h1>\n<p>Theoretisch k\u00f6nnt ihr Euch Pappkreise in den richtigen Gr\u00f6\u00dfen (30\/40\/50\/80\/120 mm) ausschneiden, die Namen der Modelle draufschreiben und fertig.<\/p>\n<p>Und ich kenne Leute die das so \u00e4hnlich gemacht haben, um Warmachine mit in den Urlaub zu nehmen ohne zu viel Gep\u00e4ck zu haben.<\/p>\n<p>Aber seid ehrlich, ihr seid wegen der Minis hier. Also holt Euch die Minis, so kriegt SFG das Geld um das Spiel weiterzuentwickeln.<\/p>\n<p>Am besten holt ihr sie Euch nat\u00fcrlich im lokalen Spieleladen eures Vertrauens, aber falls die kein Warmachine f\u00fchren findet ihr\u00a0<a class=\"externalURL\" href=\"https:\/\/warmachine-x.de\/index.php\/spiel\/kaufe-warmachine\/\" rel=\"nofollow ugc\"><strong>hier<\/strong><\/a>\u00a0einige Shops, die das tun.<\/p>\n<p><img loading=\"lazy\" decoding=\"async\" class=\"alignnone size-medium wp-image-511\" src=\"https:\/\/warmachine-x.de\/wp-content\/uploads\/2025\/05\/khaodrwurfel-300x300.jpg\" alt=\"\" width=\"300\" height=\"300\" srcset=\"https:\/\/warmachine-x.de\/wp-content\/uploads\/2025\/05\/khaodrwurfel-300x300.jpg 300w, https:\/\/warmachine-x.de\/wp-content\/uploads\/2025\/05\/khaodrwurfel-1024x1024.jpg 1024w, https:\/\/warmachine-x.de\/wp-content\/uploads\/2025\/05\/khaodrwurfel-150x150.jpg 150w, https:\/\/warmachine-x.de\/wp-content\/uploads\/2025\/05\/khaodrwurfel-768x768.jpg 768w, https:\/\/warmachine-x.de\/wp-content\/uploads\/2025\/05\/khaodrwurfel-1536x1536.jpg 1536w, https:\/\/warmachine-x.de\/wp-content\/uploads\/2025\/05\/khaodrwurfel-600x600.jpg 600w, https:\/\/warmachine-x.de\/wp-content\/uploads\/2025\/05\/khaodrwurfel-100x100.jpg 100w, https:\/\/warmachine-x.de\/wp-content\/uploads\/2025\/05\/khaodrwurfel.jpg 1726w\" sizes=\"auto, (max-width: 300px) 100vw, 300px\" \/><\/p>\n<h1><strong>W\u00fcrfel<\/strong><\/h1>\n<p>Ihr k\u00f6nnt nat\u00fcrlich einfach die 6 seitigen W\u00fcrfel nehmen, die ihr zuhause findet. Im alten Monopoly, oder im Kniffelbecher. Mehr als 6 W\u00fcrfel braucht man eigentlich nie. Wobei es von Vorteil ist, wenn einer eine andere Farbe hat. Der wird dann in der Regel f\u00fcr die Spalte genommen, in der bei Cohort Modellen der Schaden abgetragen werden muss.<\/p>\n<p>Aber was wenn ihr das cooler wollt?<\/p>\n<p>Die lizensierten Warmachine W\u00fcrfel f\u00fcr die einzelnen Fraktionen findet ihr bei\u00a0<strong><a class=\"externalURL\" href=\"https:\/\/baronofdice.com\/en-de\/collections\/warmachine\" rel=\"nofollow ugc\">Baron Of Dice<\/a><\/strong><\/p>\n<p>Wenn ihr etwas eigenes f\u00fcr Euren Club wollt gibt es diverse Angebote in Deutschland um personalisierte W\u00fcrfel herstellen zu lassen. Schaut Euch einfach mal um.<\/p>\n<p>Und die die es ganz genau wollen investieren in teure geeichte Casino- oder Backgammon W\u00fcrfel.<\/p>\n<p>F\u00fcr jeden ist da etwas dabei.<\/p>\n<p><img loading=\"lazy\" decoding=\"async\" class=\"alignnone size-medium wp-image-515\" src=\"https:\/\/warmachine-x.de\/wp-content\/uploads\/2025\/05\/gw-65-02-300x300.jpg\" alt=\"\" width=\"300\" height=\"300\" srcset=\"https:\/\/warmachine-x.de\/wp-content\/uploads\/2025\/05\/gw-65-02-300x300.jpg 300w, https:\/\/warmachine-x.de\/wp-content\/uploads\/2025\/05\/gw-65-02-150x150.jpg 150w, https:\/\/warmachine-x.de\/wp-content\/uploads\/2025\/05\/gw-65-02-100x100.jpg 100w, https:\/\/warmachine-x.de\/wp-content\/uploads\/2025\/05\/gw-65-02.jpg 350w\" sizes=\"auto, (max-width: 300px) 100vw, 300px\" \/><\/p>\n<h1><strong>Messger\u00e4te<\/strong><\/h1>\n<p>Theoretisch k\u00f6nnt ihr Euch einfach einen Papierstreifen in 1 Inch Abst\u00e4nden markieren. Das ist wahrscheinlich die billigste M\u00f6glichkeit.<\/p>\n<p>Ein <a href=\"https:\/\/taschengelddieb.de\/Tabletop-Spielzubehoer-Massbaender-Messhilfen\"><strong>Ma\u00dfband mit Inch-Markierungen<\/strong><\/a> ist auch recht einfach besorgt, die gibt es in jedem Hobbyladen, aber auch im Baumarkt oder bei Ikea und es reicht absolut zum Spielen.<\/p>\n<p>Aber dann sieht man, was es da sonst noch so gibt&#8230; exaktes Messen ist bei Warmachine recht wichtig, und der Unterschied zwischen 11.9 Inch und 12.1 Inch kann schon mal spielentscheidend sein. Generell ist es erlaubt, bei Warmachine jederzeit alles auszumessen. Aber nur weil es erlaubt ist, muss man es ja nicht immer machen, oder?<\/p>\n<p>Deswegen kommt hier jetzt eine ganze Liste von Dingen, die Spieler sich so besorgen und meine absolut subjektive Meinung, wie wichtig es ist&#8230;<\/p>\n<h1><strong>Proxy-Bases<\/strong><\/h1>\n<p>Passt meine Miniatur durch diese L\u00fccke? Wo muss ich stehen um die richtige Entfernung zu diesem Modell zu haben? Gibt es eine M\u00f6glichkeit 5 Medium Bases in den Nahkampf mit diesem Modell zu stellen? F\u00fcr all diese Fragen lohnen sich Proxy Bases. Und sie sind in der Regel recht g\u00fcnstig zu haben. Deswegen geh\u00f6ren sie oft zu den ersten Anschaffungen.<\/p>\n<p><strong>Wichtigkeit: 4\/5<\/strong><\/p>\n<p><strong>M\u00f6glichkeiten:<\/strong><\/p>\n<ul>\n<li>Im Handel gibt es oft noch\u00a0<strong>original Warmachine\/Hordes Bases<\/strong>\u00a0zu kaufen. Diese eignen sich nat\u00fcrlich hervorragend. Auch andere Bases in den \u00fcblichen Basegr\u00f6\u00dfen funktionieren.<\/li>\n<li><a class=\"externalURL\" href=\"https:\/\/ttps\/\/www.brokenegggames.com\/catalogsearch\/result\/?q=proxy+base\" rel=\"nofollow ugc\"><strong>Broken Egg Games<\/strong><\/a>\u00a0(USA) bietet die offiziell lizensierten Proxy Bases an.<\/li>\n<li><a class=\"externalURL\" href=\"https:\/\/frozenforge.com\/collections\/widgets-and-templates\" rel=\"nofollow ugc\"><strong>Frozen Forge<\/strong><\/a>\u00a0(Norwegen)<\/li>\n<li><strong><a class=\"externalURL\" href=\"https:\/\/magnetic-tabletop.com\/de\/20-marker-token\" rel=\"nofollow ugc\">Magnetic Tabletop<\/a><\/strong>\u00a0(Deutschland)<\/li>\n<li>Auch viele Widget-Trays (siehe unten) enthalten Proxy Bases in verschiedenen Gr\u00f6\u00dfen.<br \/>\n<img loading=\"lazy\" decoding=\"async\" class=\"alignnone size-medium wp-image-514\" src=\"https:\/\/warmachine-x.de\/wp-content\/uploads\/2025\/05\/emt_khador_1_1_1_1_1_1-186x300.jpg\" alt=\"\" width=\"186\" height=\"300\" srcset=\"https:\/\/warmachine-x.de\/wp-content\/uploads\/2025\/05\/emt_khador_1_1_1_1_1_1-186x300.jpg 186w, https:\/\/warmachine-x.de\/wp-content\/uploads\/2025\/05\/emt_khador_1_1_1_1_1_1.jpg 350w\" sizes=\"auto, (max-width: 186px) 100vw, 186px\" \/><\/li>\n<\/ul>\n<h1><strong>Messt\u00e4be<\/strong><\/h1>\n<p>Messst\u00e4be und Widgets mit denen man einfach und schnell feste wichtige Entfernungen von 1-x Inch ausmessen kann sind oft eine der fr\u00fchen Anschaffungen.<\/p>\n<p>Es gibt diverse Anbieter, die Ma\u00dfst\u00e4be in verschiedenen Designs und zu verschiedenen Preisen anbieten. Theoretisch kann man sich die nat\u00fcrlich auch aus Holz oder Pappe selbst bauen. Aber die sehen selten so gut aus&#8230;<\/p>\n<p><strong>Wichtigkeit: 4\/5<\/strong><\/p>\n<p><strong>M\u00f6glichkeiten:<\/strong><\/p>\n<ul>\n<li><strong><a class=\"externalURL\" href=\"https:\/\/www.brokenegggames.com\/warmachinehordes\/templates.html\" rel=\"nofollow ugc\">Broken Egg Games<\/a>\u00a0<\/strong>(USA) bietet die offiziell lizensierten Messst\u00e4be an:<\/li>\n<li><strong><a class=\"externalURL\" href=\"https:\/\/frozenforge.com\/collections\/widgets-and-templates\" rel=\"nofollow ugc\">Frozen Forge<\/a><\/strong>\u00a0(Norwegen)<\/li>\n<li><strong><a class=\"externalURL\" href=\"https:\/\/magnetic-tabletop.com\/de\/22-messstabe-05\" rel=\"nofollow ugc\">Magnetic Tabletop<\/a><\/strong>\u00a0(Deutschland)<\/li>\n<li>Auch viele Widget-Trays (siehe unten) enthalten Messst\u00e4be in verschiedenen Gr\u00f6\u00dfen.<\/li>\n<\/ul>\n<h1><strong>Linienlaser<\/strong><\/h1>\n<p>Um Sichtlinien zu checken lohnt sich oft ein Linienlaser. Das ist bei weitem kein Muss, oft reicht Augenma\u00df, ein Messtab oder wenn man sich wirklich nicht einigen kann eine M\u00fcnze um es zu entscheiden.<\/p>\n<p>Trotzdem ist es eines der h\u00e4ufigeren Werkzeuge und in den meisten L\u00e4den zu haben, die Miniaturen f\u00fchren.<\/p>\n<p><strong>Wichtigkeit: 2\/5<\/strong><\/p>\n<h1><strong>Stepper<\/strong><\/h1>\n<p>Manchmal muss man um die Ecke messen, und dabei die Basegr\u00f6\u00dfe beachten. Wenn man das wirklich exakt machen will, dann f\u00fchrt nichts an Steppern vorbei, die es f\u00fcr jede Basegr\u00f6\u00dfe in 1-3 Inch Schritten gibt, und die man sich passend zusammenlegen kann. Das ist sozusagen die Endausbaustufe des Messens, wenn man jeden Millimeter rausholen will. Und wenn ihr mit Uhr spielt wird es eure Zeit fressen. Aber manchmal muss es sein, weil es \u00fcber Sieg oder Niederlage entscheiden kann&#8230;<\/p>\n<p><strong>Wichtigkeit: 1\/5<\/strong><\/p>\n<p><strong>M\u00f6glichkeiten:<\/strong><\/p>\n<p><strong><a class=\"externalURL\" href=\"https:\/\/frozenforge.com\/collections\/widgets-and-templates\" rel=\"nofollow ugc\">Frozen Forge<\/a><\/strong>\u00a0(Norwegen)<\/p>\n<p><strong><a class=\"externalURL\" href=\"https:\/\/magnetic-tabletop.com\/de\/19-messhilfen\" rel=\"nofollow ugc\">Magnetic Tabletop<\/a><\/strong>\u00a0(Deutschland)<\/p>\n<h1><strong>Widget Trays<\/strong><\/h1>\n<p>All das will nat\u00fcrlich ordentlich verpackt und transportiert werden. Deswegen gibt es Anbieter, die alles was man so braucht in ein nettes Paket schn\u00fcren. In der Regel so, dass man sofort sieht, wenn man etwas vergessen hat.<\/p>\n<p>Das hat aber auch seinen Preis&#8230; vor allem wenn man es sich auch noch mit eigenen Designs personalisieren l\u00e4sst&#8230;<\/p>\n<p><strong>Wichtigkeit: 1\/5<\/strong><\/p>\n<p>Anbieter:<\/p>\n<p><strong><a class=\"externalURL\" href=\"https:\/\/frozenforge.com\/\" rel=\"nofollow ugc\">Frozen Forge<\/a><\/strong>\u00a0(Norwegen)<\/p>\n<h1><img loading=\"lazy\" decoding=\"async\" class=\"alignnone size-medium wp-image-512\" src=\"https:\/\/warmachine-x.de\/wp-content\/uploads\/2025\/05\/449322727_3760494344182220_3246856118393373288_n-244x300.jpg\" alt=\"\" width=\"244\" height=\"300\" srcset=\"https:\/\/warmachine-x.de\/wp-content\/uploads\/2025\/05\/449322727_3760494344182220_3246856118393373288_n-244x300.jpg 244w, https:\/\/warmachine-x.de\/wp-content\/uploads\/2025\/05\/449322727_3760494344182220_3246856118393373288_n.jpg 480w\" sizes=\"auto, (max-width: 244px) 100vw, 244px\" \/><br \/>\n<strong>Statuseffekte<\/strong><\/h1>\n<p>Warmachine ist reich an Effekten, die man markieren sollte um sie nicht zu vergessen. Fokus\/Fury auf Leadern und Cohorts, Soul-, Corpse-, Rage- und andere Tokens, Upkeeps, Animi, Battle Plans, Knocked Down, Continuous Effect&#8230;<\/p>\n<p>Da verliert man schnell die \u00dcbersicht. Auch hier kann man es sich einfach machen. Kleine Post-Its f\u00fcr die Effekte, M\u00fcnzen oder W\u00fcrfel f\u00fcr Fokus\/Fury\/Rage&#8230; Das funktioniert gut und reicht am Anfang. Aber irgendwann m\u00f6chte man dann etwas haltbareres haben.<\/p>\n<p>Es ist definitiv eine M\u00f6glichkeit sich das mit einem Drucker und Laminierfolie oder Cachobons selbst zu basteln.<\/p>\n<p>Oder sich Tokens mit dem 3D Drucker selbst zu erstellen. Es gibt bereits f\u00fcr diverse Armeen Sets zum herunterladen.<\/p>\n<p>Auch kleine Acryl-Tokens die man mit Folienstiften je nach Bedarf beschriftet sind eine gute Option.<\/p>\n<p>Aber auch hier gibt es professionelle Angebote in die man investieren kann.<\/p>\n<ul>\n<li><a class=\"externalURL\" href=\"https:\/\/www.brokenegggames.com\/warmachinehordes\/mk4.html\" rel=\"nofollow ugc\"><strong>Broken Egg Games<\/strong><\/a>\u00a0(USA) bietet die offiziell lizensierten Token an<\/li>\n<li><a class=\"externalURL\" href=\"https:\/\/frozenforge.com\/collections\/token-trays\" rel=\"nofollow ugc\"><strong>Frozen Forge<\/strong><\/a>\u00a0(Norwegen) hat eine L\u00f6sung die sich auch in ihre Trays integriert<\/li>\n<li>Bei beiden findet man auch teilweise noch Token Sets f\u00fcr die Armies of Legend. Allerdings k\u00f6nnen sich da inzwischen einige Effekte und Namen ver\u00e4ndert haben.<\/li>\n<\/ul>\n<p>Eine Unterkategorie, sind hier die\u00a0<strong>Templates<\/strong>. Manchmal erzeugt ein Zauber ein Cloud oder Wall Template. Das sind 3 Inch Kreise oder 0.75 x 4 Inch Rechtecke. Auch diese gibt es in den verschiedenen Shops zu kaufen.<\/p>\n<p><img loading=\"lazy\" decoding=\"async\" class=\"alignnone size-medium wp-image-882\" src=\"https:\/\/warmachine-x.de\/wp-content\/uploads\/2025\/10\/khadopr-steaforged-game-mat-battlemat-playmat-4x4-1-600x450-1-300x225.jpg\" alt=\"\" width=\"300\" height=\"225\" srcset=\"https:\/\/warmachine-x.de\/wp-content\/uploads\/2025\/10\/khadopr-steaforged-game-mat-battlemat-playmat-4x4-1-600x450-1-300x225.jpg 300w, https:\/\/warmachine-x.de\/wp-content\/uploads\/2025\/10\/khadopr-steaforged-game-mat-battlemat-playmat-4x4-1-600x450-1.jpg 600w\" sizes=\"auto, (max-width: 300px) 100vw, 300px\" \/><\/p>\n<h1><strong>Spielfl\u00e4chen<\/strong><\/h1>\n<p>Eure Spielfl\u00e4che sollte am besten 48&#8220;x 48&#8220; gro\u00df sein (etwa 120x120cm). Am Anfang reicht da einfach ein Tisch. Als Terrain bietet sich alles an was man so findet. B\u00fccher als H\u00fcgel, Boxen als H\u00e4user, selbstgebaute Lego-Mauern, blaue oder gr\u00fcne Socken als Wasser und Wald&#8230;<\/p>\n<p>Aber irgendwann ist man dann auf der Suche nach etwas besserem&#8230;<\/p>\n<p>Zeitweise hatte sich ein Standard bei Warmachine etabliert, 2D Gel\u00e4nde zu nutzen. Also verschieden gro\u00dfe Neoprenteile die alle m\u00f6glichen Gel\u00e4ndeteile symbolisieren. Der aktuelle Trend, sowie die Unterst\u00fctzung von Steamforged Games und <strong><a href=\"https:\/\/www.myminifactory.com\/tribes\/Warmachine\/posts\/Welcome_to_Warmachine_Digital-61025\">deren 3D Gel\u00e4nde <\/a><\/strong>geht hin zu einem Mix aus 2D Gel\u00e4nde auf dem 3D Gel\u00e4nde steht. <strong>Die Zukunft f\u00fcr Warmachine soll nach Ansicht von SFG 3D Gel\u00e4nde sein!<\/strong><\/p>\n<p>Matten und 2D Terrain findet man in einigen der Shops die auch Warmachine anbieten, aber auch direkt bei den Herstellern:<\/p>\n<p><a class=\"externalURL\" href=\"https:\/\/playmats.eu\/\" rel=\"nofollow ugc\"><strong>Playmats.eu<\/strong><\/a><\/p>\n<p><a class=\"externalURL\" href=\"https:\/\/www.deepcutstudio.com\/?s=warmachine&amp;post_type=product\" rel=\"nofollow ugc\"><strong>Deep Cut Studio\u00a0<\/strong><\/a><\/p>\n<p><a class=\"externalURL\" href=\"https:\/\/krakenwargames.com\/\" rel=\"nofollow ugc\"><strong>Kraken Wargames<\/strong><\/a><\/p>\n<p>3D Gel\u00e4nde wird heutzutage oft 3D gedruckt, kann aber auch selbst gebaut werden oder<a href=\"https:\/\/taschengelddieb.de\/tabletop-fantasy-gelaende\"> gekauft werden<\/a>. Bei Interesse, schaut Euch einfach mal bei Youtube um. Suchbegriffe sind zum Beispiel Tabletop Terrain oder Papercraft.<\/p>\n<h3><strong>Weiteres<\/strong><\/h3>\n<p>Es gibt nat\u00fcrlich noch viele andere Dinge, die interessant sein k\u00f6nnten. Wound Tracker, Turnier-Tablets f\u00fcr die Minis, eine Schach-Uhr&#8230; dem Zubeh\u00f6r sind keine Grenzen gesetzt. Das ist aber oft etwas f\u00fcr die, die schon alles haben.<\/p>\n<h3><strong>Fazit<\/strong><\/h3>\n<p>Man kann einfach anfangen und dann im Laufe der Zeit sehen, was sich lohnt und was nicht.<\/p>\n<p>Oder man geht direkt all in.<\/p>\n<p>Alles eine Frage der frei verf\u00fcgbaren Liquidit\u00e4t.<\/p>\n<p><em>Diese Seite wurde von mit freundlicher Unterst\u00fctzung von<a href=\"https:\/\/page5.de\/index.php?user\/27001-dasambi\/\"> dsambi<\/a> erstellt!\u00a0<\/em><\/p>\n","protected":false},"excerpt":{"rendered":"<p>Spielmaterial Es braucht eigentlich nicht viel, um Warmachine zu spielen. Wenn man es genau nimmt, braucht man noch nicht einmal Figuren. Alles was man ben\u00f6tigt ist ein paar Bl\u00e4tter Papier, ein Zirkel, eine Schere, einen Stift und etwas zum abmessen und schon kann man sich alles selbst bauen was man braucht. Aber mal ehrlich, die [&hellip;]<\/p>\n","protected":false},"author":1,"featured_media":0,"parent":211,"menu_order":0,"comment_status":"closed","ping_status":"closed","template":"","meta":{"footnotes":""},"class_list":["post-505","page","type-page","status-publish","hentry"],"_links":{"self":[{"href":"https:\/\/warmachine-x.de\/index.php\/wp-json\/wp\/v2\/pages\/505","targetHints":{"allow":["GET"]}}],"collection":[{"href":"https:\/\/warmachine-x.de\/index.php\/wp-json\/wp\/v2\/pages"}],"about":[{"href":"https:\/\/warmachine-x.de\/index.php\/wp-json\/wp\/v2\/types\/page"}],"author":[{"embeddable":true,"href":"https:\/\/warmachine-x.de\/index.php\/wp-json\/wp\/v2\/users\/1"}],"replies":[{"embeddable":true,"href":"https:\/\/warmachine-x.de\/index.php\/wp-json\/wp\/v2\/comments?post=505"}],"version-history":[{"count":7,"href":"https:\/\/warmachine-x.de\/index.php\/wp-json\/wp\/v2\/pages\/505\/revisions"}],"predecessor-version":[{"id":883,"href":"https:\/\/warmachine-x.de\/index.php\/wp-json\/wp\/v2\/pages\/505\/revisions\/883"}],"up":[{"embeddable":true,"href":"https:\/\/warmachine-x.de\/index.php\/wp-json\/wp\/v2\/pages\/211"}],"wp:attachment":[{"href":"https:\/\/warmachine-x.de\/index.php\/wp-json\/wp\/v2\/media?parent=505"}],"curies":[{"name":"wp","href":"https:\/\/api.w.org\/{rel}","templated":true}]}}